{"id":167,"date":"2016-04-28T12:24:18","date_gmt":"2016-04-28T10:24:18","guid":{"rendered":"http:\/\/www.casalavolta.com\/?page_id=167"},"modified":"2019-10-16T13:16:16","modified_gmt":"2019-10-16T11:16:16","slug":"situacion-casa-rural","status":"publish","type":"page","link":"https:\/\/www.casalavolta.com\/en\/situacion-casa-rural\/","title":{"rendered":"Situation"},"content":{"rendered":"<p>[vc_row][vc_column width=&#8221;1\/4&#8243;][vc_column_text]<\/p>\n<h2 style=\"text-align: justify;\"><strong>Location of the country house La Volta de Ferreres:<\/strong><\/h2>\n<p>The unbeatable situation of the&nbsp;<strong>rural house<\/strong>&nbsp;in the region&nbsp;<strong>Bergued\u00e0<\/strong>&nbsp;makes it easy to get to:<\/p>\n<ul>\n<li>a forest, where you can find mushrooms&nbsp;<\/li>\n<li>Only 5 minutes from the River de Merl\u00e8s.<\/li>\n<li>20 minutes from Rasos de Peguera, a place to go all year round.<\/li>\n<li>30 minutes from the Tunnel of the Cad\u00ed, is an easy way to get to the ski slopes.<\/li>\n<li>30 minutes from Manresa next to&nbsp;<strong>Montserrat<\/strong>, city to visit the emblematic building &#8220;La Seu&#8221;<\/li>\n<li>30 minutes from&nbsp;<strong>Vic<\/strong>&nbsp;to see the main square of the city and during the journey to enjoy the fantastic views of the&nbsp;<strong>Pyrenees<\/strong><\/li>\n<li>1 hour from&nbsp;<strong>Barcelona<\/strong>&nbsp;to visit&nbsp;<strong>Sagrada Fam\u00edlia<\/strong><\/li>\n<\/ul>\n<h2 style=\"text-align: justify;\"><strong>GPS Coordinates:<\/strong><\/h2>\n<p><img loading=\"lazy\" class=\"alignleft wp-image-594 size-full\" src=\"http:\/\/www.casalavolta.com\/wp-content\/uploads\/Coordenadas-GPS-120x120.png\" alt=\"\" width=\"120\" height=\"120\" srcset=\"https:\/\/www.casalavolta.com\/wp-content\/uploads\/Coordenadas-GPS-120x120.png 120w, https:\/\/www.casalavolta.com\/wp-content\/uploads\/Coordenadas-GPS-120x120-71x71.png 71w, https:\/\/www.casalavolta.com\/wp-content\/uploads\/Coordenadas-GPS-120x120-36x36.png 36w\" sizes=\"(max-width: 120px) 100vw, 120px\" \/><strong>&#8211; 42\u00ba 3&#8242; 26.3052&#8243; (N)<\/strong><\/p>\n<p><strong>&#8211; 1\u00ba 52&#8242; 53.1474&#8243; (E)&nbsp;<\/strong>[\/vc_column_text][\/vc_column][vc_column width=&#8221;3\/4&#8243;][vc_gmaps link=&#8221;#E-8_JTNDaWZyYW1lJTIwc3JjJTNEJTIyaHR0cHMlM0ElMkYlMkZ3d3cuZ29vZ2xlLmNvbSUyRm1hcHMlMkZlbWJlZCUzRnBiJTNEJTIxMW0xNCUyMTFtOCUyMTFtMyUyMTFkMTE4NDkuNDIxMjE5OTA2MzAyJTIxMmQxLjg4MTMzNCUyMTNkNDIuMDU3MDAzJTIxM20yJTIxMWkxMDI0JTIxMmk3NjglMjE0ZjEzLjElMjEzbTMlMjExbTIlMjExczB4MCUyNTNBMHhkMTU5ZTBkZTI4MTE3OTEyJTIxMnNMYSUyQlZvbHRhJTJCZGUlMkJGZXJyZXJlcyUyMTVlMCUyMTNtMiUyMTFzZXMlMjEyc2VzJTIxNHYxNDYzNTIxNzkxNjYzJTIyJTIwd2lkdGglM0QlMjI2MDAlMjIlMjBoZWlnaHQlM0QlMjI0NTAlMjIlMjBmcmFtZWJvcmRlciUzRCUyMjAlMjIlMjBzdHlsZSUzRCUyMmJvcmRlciUzQTAlMjIlMjBhbGxvd2Z1bGxzY3JlZW4lM0UlM0MlMkZpZnJhbWUlM0U=&#8221;][\/vc_column][\/vc_row]<\/p>","protected":false},"excerpt":{"rendered":"<p>[vc_row][vc_column width=&#8221;1\/4&#8243;][vc_column_text]<br \/>\nLocation of the country house La Volta de Ferreres:<br \/>\nThe unbeatable situation of the&nbsp;rural house&nbsp;in the region&nbsp;Bergued\u00e0&nbsp;makes it easy to get to:<\/p>\n<p>a forest, where you can find mushrooms&nbsp;<br \/>\nOnly 5 minutes from the River de Merl\u00e8s.<br \/>\n20 minutes from Rasos de Peguera, a place to go all year round.<br \/>\n30 minutes from the Tunnel of the Cad\u00ed, is an easy way to get to the ski slopes.<br \/>\n30 minutes from Manresa next to&nbsp;Montserrat, city to visit &#8230;<\/p>\n","protected":false},"author":1,"featured_media":0,"parent":0,"menu_order":0,"comment_status":"closed","ping_status":"closed","template":"template-blank-canvas.php","meta":{"ngg_post_thumbnail":0},"yoast_head":"<!-- This site is optimized with the Yoast SEO plugin v15.7 - https:\/\/yoast.com\/wordpress\/plugins\/seo\/ -->\n<meta name=\"robots\" content=\"index, follow, max-snippet:-1, max-image-preview:large, max-video-preview:-1\" \/>\n<link rel=\"canonical\" href=\"https:\/\/www.casalavolta.com\/situacion-casa-rural\/\" \/>\n<meta property=\"og:locale\" content=\"en_US\" \/>\n<meta property=\"og:type\" content=\"article\" \/>\n<meta property=\"og:title\" content=\"Situation - Casa Rural - Casa La Volta\" \/>\n<meta property=\"og:description\" content=\"[vc_row][vc_column width=&#8221;1\/4&#8243;][vc_column_text] Location of the country house La Volta de Ferreres: The unbeatable situation of the&nbsp;rural house&nbsp;in the region&nbsp;Bergued\u00e0&nbsp;makes it easy to get to: a forest, where you can find mushrooms&nbsp; Only 5 minutes from the River de Merl\u00e8s. 20 minutes from Rasos de Peguera, a place to go all year round. 30 minutes from the Tunnel of the Cad\u00ed, is an easy way to get to the ski slopes. 30 minutes from Manresa next to&nbsp;Montserrat, city to visit ...\" \/>\n<meta property=\"og:url\" content=\"https:\/\/www.casalavolta.com\/situacion-casa-rural\/\" \/>\n<meta property=\"og:site_name\" content=\"Casa Rural - Casa La Volta\" \/>\n<meta property=\"article:modified_time\" content=\"2019-10-16T11:16:16+00:00\" \/>\n<meta property=\"og:image\" content=\"http:\/\/www.casalavolta.com\/wp-content\/uploads\/Coordenadas-GPS-120x120.png\" \/>\n<meta name=\"twitter:card\" content=\"summary\" \/>\n<meta name=\"twitter:label1\" content=\"Est. reading time\">\n\t<meta name=\"twitter:data1\" content=\"3 minutes\">\n<script type=\"application\/ld+json\" class=\"yoast-schema-graph\">{\"@context\":\"https:\/\/schema.org\",\"@graph\":[{\"@type\":\"WebSite\",\"@id\":\"https:\/\/www.casalavolta.com\/en\/#website\",\"url\":\"https:\/\/www.casalavolta.com\/en\/\",\"name\":\"Casa Rural - Casa La Volta\",\"description\":\"Casa de Turisme Rural al Bergued\\u00e0\",\"potentialAction\":[{\"@type\":\"SearchAction\",\"target\":\"https:\/\/www.casalavolta.com\/en\/?s={search_term_string}\",\"query-input\":\"required name=search_term_string\"}],\"inLanguage\":\"en-US\"},{\"@type\":\"ImageObject\",\"@id\":\"https:\/\/www.casalavolta.com\/situacion-casa-rural\/#primaryimage\",\"inLanguage\":\"en-US\",\"url\":\"http:\/\/www.casalavolta.com\/wp-content\/uploads\/Coordenadas-GPS-120x120.png\"},{\"@type\":\"WebPage\",\"@id\":\"https:\/\/www.casalavolta.com\/situacion-casa-rural\/#webpage\",\"url\":\"https:\/\/www.casalavolta.com\/situacion-casa-rural\/\",\"name\":\"Situation - Casa Rural - Casa La Volta\",\"isPartOf\":{\"@id\":\"https:\/\/www.casalavolta.com\/en\/#website\"},\"primaryImageOfPage\":{\"@id\":\"https:\/\/www.casalavolta.com\/situacion-casa-rural\/#primaryimage\"},\"datePublished\":\"2016-04-28T10:24:18+00:00\",\"dateModified\":\"2019-10-16T11:16:16+00:00\",\"inLanguage\":\"en-US\",\"potentialAction\":[{\"@type\":\"ReadAction\",\"target\":[\"https:\/\/www.casalavolta.com\/situacion-casa-rural\/\"]}]}]}<\/script>\n<!-- \/ Yoast SEO plugin. -->","_links":{"self":[{"href":"https:\/\/www.casalavolta.com\/en\/wp-json\/wp\/v2\/pages\/167"}],"collection":[{"href":"https:\/\/www.casalavolta.com\/en\/wp-json\/wp\/v2\/pages"}],"about":[{"href":"https:\/\/www.casalavolta.com\/en\/wp-json\/wp\/v2\/types\/page"}],"author":[{"embeddable":true,"href":"https:\/\/www.casalavolta.com\/en\/wp-json\/wp\/v2\/users\/1"}],"replies":[{"embeddable":true,"href":"https:\/\/www.casalavolta.com\/en\/wp-json\/wp\/v2\/comments?post=167"}],"version-history":[{"count":20,"href":"https:\/\/www.casalavolta.com\/en\/wp-json\/wp\/v2\/pages\/167\/revisions"}],"predecessor-version":[{"id":1307,"href":"https:\/\/www.casalavolta.com\/en\/wp-json\/wp\/v2\/pages\/167\/revisions\/1307"}],"wp:attachment":[{"href":"https:\/\/www.casalavolta.com\/en\/wp-json\/wp\/v2\/media?parent=167"}],"curies":[{"name":"wp","href":"https:\/\/api.w.org\/{rel}","templated":true}]}}